{"id":1437,"date":"2023-12-20T19:06:09","date_gmt":"2023-12-20T19:06:09","guid":{"rendered":"https:\/\/funchal.com\/port\/?page_id=1437"},"modified":"2024-02-29T22:33:04","modified_gmt":"2024-02-29T22:33:04","slug":"tripulacao-2","status":"publish","type":"page","link":"https:\/\/funchal.com\/port\/tripulacao-2\/","title":{"rendered":"TRIPULA\u00c7\u00c3O"},"content":{"rendered":"\t\t<div data-elementor-type=\"wp-page\" data-elementor-id=\"1437\" class=\"elementor elementor-1437\">\n\t\t\t\t\t\t<section class=\"elementor-section elementor-top-section elementor-element elementor-element-fdc6ea2 elementor-section-boxed elementor-section-height-default elementor-section-height-default\" data-id=\"fdc6ea2\" data-element_type=\"section\" data-e-type=\"section\" data-settings=\"{&quot;background_background&quot;:&quot;slideshow&quot;,&quot;background_slideshow_gallery&quot;:[{&quot;id&quot;:1448,&quot;url&quot;:&quot;https:\\\/\\\/funchal.com\\\/port\\\/wp-content\\\/uploads\\\/2023\\\/12\\\/cover-crew-final-001-1.webp&quot;},{&quot;id&quot;:1449,&quot;url&quot;:&quot;https:\\\/\\\/funchal.com\\\/port\\\/wp-content\\\/uploads\\\/2023\\\/12\\\/cover-crew-final-002-1.webp&quot;},{&quot;id&quot;:1450,&quot;url&quot;:&quot;https:\\\/\\\/funchal.com\\\/port\\\/wp-content\\\/uploads\\\/2023\\\/12\\\/cover-crew-final-003-1.webp&quot;},{&quot;id&quot;:1451,&quot;url&quot;:&quot;https:\\\/\\\/funchal.com\\\/port\\\/wp-content\\\/uploads\\\/2023\\\/12\\\/cover-crew-final-004-1.webp&quot;},{&quot;id&quot;:1452,&quot;url&quot;:&quot;https:\\\/\\\/funchal.com\\\/port\\\/wp-content\\\/uploads\\\/2023\\\/12\\\/cover-crew-final-005-1.webp&quot;}],&quot;background_slideshow_ken_burns&quot;:&quot;yes&quot;,&quot;background_slideshow_loop&quot;:&quot;yes&quot;,&quot;background_slideshow_slide_duration&quot;:5000,&quot;background_slideshow_slide_transition&quot;:&quot;fade&quot;,&quot;background_slideshow_transition_duration&quot;:500,&quot;background_slideshow_ken_burns_zoom_direction&quot;:&quot;in&quot;}\">\n\t\t\t\t\t\t\t<div class=\"elementor-background-overlay\"><\/div>\n\t\t\t\t\t\t\t<div class=\"elementor-container elementor-column-gap-no\">\n\t\t\t\t\t<div class=\"elementor-column elementor-col-100 elementor-top-column elementor-element elementor-element-10abdf4\" data-id=\"10abdf4\" data-element_type=\"column\" data-e-type=\"column\">\n\t\t\t<div class=\"elementor-widget-wrap elementor-element-populated\">\n\t\t\t\t\t\t<div class=\"elementor-element elementor-element-35b421b elementor-widget elementor-widget-heading\" data-id=\"35b421b\" data-element_type=\"widget\" data-e-type=\"widget\" data-widget_type=\"heading.default\">\n\t\t\t\t<div class=\"elementor-widget-container\">\n\t\t\t\t\t<h1 class=\"elementor-heading-title elementor-size-default\">Tripula\u00e7\u00e3o\n<\/h1>\t\t\t\t<\/div>\n\t\t\t\t<\/div>\n\t\t\t\t\t<\/div>\n\t\t<\/div>\n\t\t\t\t\t<\/div>\n\t\t<\/section>\n\t\t\t\t<section class=\"elementor-section elementor-top-section elementor-element elementor-element-ed7adab elementor-section-boxed elementor-section-height-default elementor-section-height-default\" data-id=\"ed7adab\" data-element_type=\"section\" data-e-type=\"section\" data-settings=\"{&quot;background_background&quot;:&quot;classic&quot;}\">\n\t\t\t\t\t\t<div class=\"elementor-container elementor-column-gap-default\">\n\t\t\t\t\t<div class=\"elementor-column elementor-col-100 elementor-top-column elementor-element elementor-element-d8351d6\" data-id=\"d8351d6\" data-element_type=\"column\" data-e-type=\"column\">\n\t\t\t<div class=\"elementor-widget-wrap elementor-element-populated\">\n\t\t\t\t\t\t<div class=\"elementor-element elementor-element-fa47959 elementor-widget elementor-widget-image\" data-id=\"fa47959\" data-element_type=\"widget\" data-e-type=\"widget\" data-widget_type=\"image.default\">\n\t\t\t\t<div class=\"elementor-widget-container\">\n\t\t\t\t\t\t\t\t\t\t\t\t\t\t\t\t<a href=\"https:\/\/funchal.com\/crew\/\">\n\t\t\t\t\t\t\t<img decoding=\"async\" width=\"40\" height=\"15\" src=\"https:\/\/funchal.com\/port\/wp-content\/uploads\/2023\/12\/eng3.webp\" class=\"attachment-large size-large wp-image-1703\" alt=\"\" \/>\t\t\t\t\t\t\t\t<\/a>\n\t\t\t\t\t\t\t\t\t\t\t\t\t\t\t<\/div>\n\t\t\t\t<\/div>\n\t\t\t\t\t<\/div>\n\t\t<\/div>\n\t\t\t\t\t<\/div>\n\t\t<\/section>\n\t\t\t\t<section class=\"elementor-section elementor-top-section elementor-element elementor-element-42cf00b elementor-section-boxed elementor-section-height-default elementor-section-height-default\" data-id=\"42cf00b\" data-element_type=\"section\" data-e-type=\"section\" data-settings=\"{&quot;background_background&quot;:&quot;classic&quot;}\">\n\t\t\t\t\t\t<div class=\"elementor-container elementor-column-gap-no\">\n\t\t\t\t\t<div class=\"elementor-column elementor-col-100 elementor-top-column elementor-element elementor-element-b1301ac\" data-id=\"b1301ac\" data-element_type=\"column\" data-e-type=\"column\">\n\t\t\t<div class=\"elementor-widget-wrap elementor-element-populated\">\n\t\t\t\t\t\t<div class=\"elementor-element elementor-element-421c5d6 elementor-widget elementor-widget-text-editor\" data-id=\"421c5d6\" data-element_type=\"widget\" data-e-type=\"widget\" data-widget_type=\"text-editor.default\">\n\t\t\t\t<div class=\"elementor-widget-container\">\n\t\t\t\t\t\t\t\t\t<p><b>Experi\u00eancia e Comprometimento: Conhe\u00e7a a Nossa Dedicada Equipa Funchal<\/b><\/p><h3><br \/><br \/><\/h3>\t\t\t\t\t\t\t\t<\/div>\n\t\t\t\t<\/div>\n\t\t\t\t\t<\/div>\n\t\t<\/div>\n\t\t\t\t\t<\/div>\n\t\t<\/section>\n\t\t\t\t<section class=\"elementor-section elementor-top-section elementor-element elementor-element-54b49b9 elementor-section-boxed elementor-section-height-default elementor-section-height-default\" data-id=\"54b49b9\" data-element_type=\"section\" data-e-type=\"section\" data-settings=\"{&quot;background_background&quot;:&quot;classic&quot;}\">\n\t\t\t\t\t\t<div class=\"elementor-container elementor-column-gap-default\">\n\t\t\t\t\t<div class=\"elementor-column elementor-col-100 elementor-top-column elementor-element elementor-element-4bdad78\" data-id=\"4bdad78\" data-element_type=\"column\" data-e-type=\"column\">\n\t\t\t<div class=\"elementor-widget-wrap elementor-element-populated\">\n\t\t\t\t\t\t<section class=\"elementor-section elementor-inner-section elementor-element elementor-element-bec7b54 elementor-section-content-middle elementor-section-boxed elementor-section-height-default elementor-section-height-default\" data-id=\"bec7b54\" data-element_type=\"section\" data-e-type=\"section\">\n\t\t\t\t\t\t<div class=\"elementor-container elementor-column-gap-no\">\n\t\t\t\t\t<div class=\"elementor-column elementor-col-33 elementor-inner-column elementor-element elementor-element-7efa451\" data-id=\"7efa451\" data-element_type=\"column\" data-e-type=\"column\">\n\t\t\t<div class=\"elementor-widget-wrap\">\n\t\t\t\t\t\t\t<\/div>\n\t\t<\/div>\n\t\t\t\t<div class=\"elementor-column elementor-col-33 elementor-inner-column elementor-element elementor-element-c5ffe60\" data-id=\"c5ffe60\" data-element_type=\"column\" data-e-type=\"column\">\n\t\t\t<div class=\"elementor-widget-wrap elementor-element-populated\">\n\t\t\t\t\t\t<div class=\"elementor-element elementor-element-e38242b elementor-position-top elementor-widget elementor-widget-image-box\" data-id=\"e38242b\" data-element_type=\"widget\" data-e-type=\"widget\" data-widget_type=\"image-box.default\">\n\t\t\t\t<div class=\"elementor-widget-container\">\n\t\t\t\t\t<div class=\"elementor-image-box-wrapper\"><figure class=\"elementor-image-box-img\"><img fetchpriority=\"high\" decoding=\"async\" width=\"240\" height=\"300\" src=\"https:\/\/funchal.com\/port\/wp-content\/uploads\/2023\/12\/Jose-Correia-2-1-240x300.webp\" class=\"attachment-medium size-medium wp-image-1459\" alt=\"\" srcset=\"https:\/\/funchal.com\/port\/wp-content\/uploads\/2023\/12\/Jose-Correia-2-1-240x300.webp 240w, https:\/\/funchal.com\/port\/wp-content\/uploads\/2023\/12\/Jose-Correia-2-1.webp 400w\" sizes=\"(max-width: 240px) 100vw, 240px\" \/><\/figure><div class=\"elementor-image-box-content\"><h4 class=\"elementor-image-box-title\">Jos\u00e9 Correia<\/h4><p class=\"elementor-image-box-description\">Diretor de Opera\u00e7\u00f5es\nDesde 2000\n<\/p><\/div><\/div>\t\t\t\t<\/div>\n\t\t\t\t<\/div>\n\t\t\t\t\t<\/div>\n\t\t<\/div>\n\t\t\t\t<div class=\"elementor-column elementor-col-33 elementor-inner-column elementor-element elementor-element-657b1a8\" data-id=\"657b1a8\" data-element_type=\"column\" data-e-type=\"column\">\n\t\t\t<div class=\"elementor-widget-wrap\">\n\t\t\t\t\t\t\t<\/div>\n\t\t<\/div>\n\t\t\t\t\t<\/div>\n\t\t<\/section>\n\t\t\t\t<section class=\"elementor-section elementor-inner-section elementor-element elementor-element-4fe4fd9 elementor-section-content-middle elementor-section-boxed elementor-section-height-default elementor-section-height-default\" data-id=\"4fe4fd9\" data-element_type=\"section\" data-e-type=\"section\">\n\t\t\t\t\t\t<div class=\"elementor-container elementor-column-gap-no\">\n\t\t\t\t\t<div class=\"elementor-column elementor-col-33 elementor-inner-column elementor-element elementor-element-2c5d340\" data-id=\"2c5d340\" data-element_type=\"column\" data-e-type=\"column\">\n\t\t\t<div class=\"elementor-widget-wrap elementor-element-populated\">\n\t\t\t\t\t\t<div class=\"elementor-element elementor-element-4f42ec5 elementor-position-top elementor-widget elementor-widget-image-box\" data-id=\"4f42ec5\" data-element_type=\"widget\" data-e-type=\"widget\" data-widget_type=\"image-box.default\">\n\t\t\t\t<div class=\"elementor-widget-container\">\n\t\t\t\t\t<div class=\"elementor-image-box-wrapper\"><figure class=\"elementor-image-box-img\"><img decoding=\"async\" width=\"400\" height=\"500\" src=\"https:\/\/funchal.com\/port\/wp-content\/uploads\/2023\/12\/Inacio-Fernandes-2-1.webp\" class=\"attachment-full size-full wp-image-1460\" alt=\"\" srcset=\"https:\/\/funchal.com\/port\/wp-content\/uploads\/2023\/12\/Inacio-Fernandes-2-1.webp 400w, https:\/\/funchal.com\/port\/wp-content\/uploads\/2023\/12\/Inacio-Fernandes-2-1-240x300.webp 240w\" sizes=\"(max-width: 400px) 100vw, 400px\" \/><\/figure><div class=\"elementor-image-box-content\"><h4 class=\"elementor-image-box-title\">In\u00e1cio Fernandes<\/h4><p class=\"elementor-image-box-description\">Engenheiro Chefe\nDesde 1980\n<\/p><\/div><\/div>\t\t\t\t<\/div>\n\t\t\t\t<\/div>\n\t\t\t\t\t<\/div>\n\t\t<\/div>\n\t\t\t\t<div class=\"elementor-column elementor-col-33 elementor-inner-column elementor-element elementor-element-625c140\" data-id=\"625c140\" data-element_type=\"column\" data-e-type=\"column\">\n\t\t\t<div class=\"elementor-widget-wrap elementor-element-populated\">\n\t\t\t\t\t\t<div class=\"elementor-element elementor-element-74f1f6b elementor-position-top elementor-widget elementor-widget-image-box\" data-id=\"74f1f6b\" data-element_type=\"widget\" data-e-type=\"widget\" data-widget_type=\"image-box.default\">\n\t\t\t\t<div class=\"elementor-widget-container\">\n\t\t\t\t\t<div class=\"elementor-image-box-wrapper\"><figure class=\"elementor-image-box-img\"><img loading=\"lazy\" decoding=\"async\" width=\"400\" height=\"500\" src=\"https:\/\/funchal.com\/port\/wp-content\/uploads\/2023\/12\/Jose-Bicho-2-1.webp\" class=\"attachment-full size-full wp-image-1461\" alt=\"\" srcset=\"https:\/\/funchal.com\/port\/wp-content\/uploads\/2023\/12\/Jose-Bicho-2-1.webp 400w, https:\/\/funchal.com\/port\/wp-content\/uploads\/2023\/12\/Jose-Bicho-2-1-240x300.webp 240w\" sizes=\"(max-width: 400px) 100vw, 400px\" \/><\/figure><div class=\"elementor-image-box-content\"><h4 class=\"elementor-image-box-title\">Jos\u00e9 Bicho<\/h4><p class=\"elementor-image-box-description\">Soldador e Serralheiro\nDesde 1985\n<\/p><\/div><\/div>\t\t\t\t<\/div>\n\t\t\t\t<\/div>\n\t\t\t\t\t<\/div>\n\t\t<\/div>\n\t\t\t\t<div class=\"elementor-column elementor-col-33 elementor-inner-column elementor-element elementor-element-083e0c3\" data-id=\"083e0c3\" data-element_type=\"column\" data-e-type=\"column\">\n\t\t\t<div class=\"elementor-widget-wrap elementor-element-populated\">\n\t\t\t\t\t\t<div class=\"elementor-element elementor-element-746a821 elementor-position-top elementor-widget elementor-widget-image-box\" data-id=\"746a821\" data-element_type=\"widget\" data-e-type=\"widget\" data-widget_type=\"image-box.default\">\n\t\t\t\t<div class=\"elementor-widget-container\">\n\t\t\t\t\t<div class=\"elementor-image-box-wrapper\"><figure class=\"elementor-image-box-img\"><img loading=\"lazy\" decoding=\"async\" width=\"240\" height=\"300\" src=\"https:\/\/funchal.com\/port\/wp-content\/uploads\/2023\/12\/Joao-Miranda-1-1-240x300.webp\" class=\"attachment-medium size-medium wp-image-1462\" alt=\"\" srcset=\"https:\/\/funchal.com\/port\/wp-content\/uploads\/2023\/12\/Joao-Miranda-1-1-240x300.webp 240w, https:\/\/funchal.com\/port\/wp-content\/uploads\/2023\/12\/Joao-Miranda-1-1.webp 400w\" sizes=\"(max-width: 240px) 100vw, 240px\" \/><\/figure><div class=\"elementor-image-box-content\"><h4 class=\"elementor-image-box-title\">Jo\u00e3o Miranda<\/h4><p class=\"elementor-image-box-description\">Eletricista\nDesde 2013\n<\/p><\/div><\/div>\t\t\t\t<\/div>\n\t\t\t\t<\/div>\n\t\t\t\t\t<\/div>\n\t\t<\/div>\n\t\t\t\t\t<\/div>\n\t\t<\/section>\n\t\t\t\t<section class=\"elementor-section elementor-inner-section elementor-element elementor-element-abde85a elementor-section-content-middle elementor-section-boxed elementor-section-height-default elementor-section-height-default\" data-id=\"abde85a\" data-element_type=\"section\" data-e-type=\"section\">\n\t\t\t\t\t\t<div class=\"elementor-container elementor-column-gap-no\">\n\t\t\t\t\t<div class=\"elementor-column elementor-col-33 elementor-inner-column elementor-element elementor-element-d695181\" data-id=\"d695181\" data-element_type=\"column\" data-e-type=\"column\">\n\t\t\t<div class=\"elementor-widget-wrap elementor-element-populated\">\n\t\t\t\t\t\t<div class=\"elementor-element elementor-element-3ac7ce8 elementor-position-top elementor-widget elementor-widget-image-box\" data-id=\"3ac7ce8\" data-element_type=\"widget\" data-e-type=\"widget\" data-widget_type=\"image-box.default\">\n\t\t\t\t<div class=\"elementor-widget-container\">\n\t\t\t\t\t<div class=\"elementor-image-box-wrapper\"><figure class=\"elementor-image-box-img\"><img loading=\"lazy\" decoding=\"async\" width=\"400\" height=\"500\" src=\"https:\/\/funchal.com\/port\/wp-content\/uploads\/2023\/12\/ICON2-1.webp\" class=\"attachment-full size-full wp-image-1463\" alt=\"\" srcset=\"https:\/\/funchal.com\/port\/wp-content\/uploads\/2023\/12\/ICON2-1.webp 400w, https:\/\/funchal.com\/port\/wp-content\/uploads\/2023\/12\/ICON2-1-240x300.webp 240w\" sizes=\"(max-width: 400px) 100vw, 400px\" \/><\/figure><div class=\"elementor-image-box-content\"><h4 class=\"elementor-image-box-title\">Jo\u00e3o Oliveira<\/h4><p class=\"elementor-image-box-description\">Chefe de Limpeza\nDesde 2013\n<\/p><\/div><\/div>\t\t\t\t<\/div>\n\t\t\t\t<\/div>\n\t\t\t\t\t<\/div>\n\t\t<\/div>\n\t\t\t\t<div class=\"elementor-column elementor-col-33 elementor-inner-column elementor-element elementor-element-f1feea3\" data-id=\"f1feea3\" data-element_type=\"column\" data-e-type=\"column\">\n\t\t\t<div class=\"elementor-widget-wrap elementor-element-populated\">\n\t\t\t\t\t\t<div class=\"elementor-element elementor-element-e0c07e5 elementor-position-top elementor-widget elementor-widget-image-box\" data-id=\"e0c07e5\" data-element_type=\"widget\" data-e-type=\"widget\" data-widget_type=\"image-box.default\">\n\t\t\t\t<div class=\"elementor-widget-container\">\n\t\t\t\t\t<div class=\"elementor-image-box-wrapper\"><figure class=\"elementor-image-box-img\"><img loading=\"lazy\" decoding=\"async\" width=\"400\" height=\"500\" src=\"https:\/\/funchal.com\/port\/wp-content\/uploads\/2023\/12\/ICON2-1.webp\" class=\"attachment-full size-full wp-image-1463\" alt=\"\" srcset=\"https:\/\/funchal.com\/port\/wp-content\/uploads\/2023\/12\/ICON2-1.webp 400w, https:\/\/funchal.com\/port\/wp-content\/uploads\/2023\/12\/ICON2-1-240x300.webp 240w\" sizes=\"(max-width: 400px) 100vw, 400px\" \/><\/figure><div class=\"elementor-image-box-content\"><h4 class=\"elementor-image-box-title\">Alfredo Nunes<\/h4><p class=\"elementor-image-box-description\">Contramestre\nDesde 2003\n<\/p><\/div><\/div>\t\t\t\t<\/div>\n\t\t\t\t<\/div>\n\t\t\t\t\t<\/div>\n\t\t<\/div>\n\t\t\t\t<div class=\"elementor-column elementor-col-33 elementor-inner-column elementor-element elementor-element-0a7ed43\" data-id=\"0a7ed43\" data-element_type=\"column\" data-e-type=\"column\">\n\t\t\t<div class=\"elementor-widget-wrap elementor-element-populated\">\n\t\t\t\t\t\t<div class=\"elementor-element elementor-element-78d3bd2 elementor-position-top elementor-widget elementor-widget-image-box\" data-id=\"78d3bd2\" data-element_type=\"widget\" data-e-type=\"widget\" data-widget_type=\"image-box.default\">\n\t\t\t\t<div class=\"elementor-widget-container\">\n\t\t\t\t\t<div class=\"elementor-image-box-wrapper\"><figure class=\"elementor-image-box-img\"><img loading=\"lazy\" decoding=\"async\" width=\"240\" height=\"300\" src=\"https:\/\/funchal.com\/port\/wp-content\/uploads\/2023\/12\/Alfredo-Pereira-2-1-240x300.webp\" class=\"attachment-medium size-medium wp-image-1464\" alt=\"\" srcset=\"https:\/\/funchal.com\/port\/wp-content\/uploads\/2023\/12\/Alfredo-Pereira-2-1-240x300.webp 240w, https:\/\/funchal.com\/port\/wp-content\/uploads\/2023\/12\/Alfredo-Pereira-2-1.webp 400w\" sizes=\"(max-width: 240px) 100vw, 240px\" \/><\/figure><div class=\"elementor-image-box-content\"><h4 class=\"elementor-image-box-title\">Alfredo Pereira<\/h4><p class=\"elementor-image-box-description\">Mec\u00e2nico\nDesde 2017\n<\/p><\/div><\/div>\t\t\t\t<\/div>\n\t\t\t\t<\/div>\n\t\t\t\t\t<\/div>\n\t\t<\/div>\n\t\t\t\t\t<\/div>\n\t\t<\/section>\n\t\t\t\t<section class=\"elementor-section elementor-inner-section elementor-element elementor-element-a7d75ba elementor-section-content-middle elementor-section-boxed elementor-section-height-default elementor-section-height-default\" data-id=\"a7d75ba\" data-element_type=\"section\" data-e-type=\"section\">\n\t\t\t\t\t\t<div class=\"elementor-container elementor-column-gap-no\">\n\t\t\t\t\t<div class=\"elementor-column elementor-col-33 elementor-inner-column elementor-element elementor-element-b0a382d\" data-id=\"b0a382d\" data-element_type=\"column\" data-e-type=\"column\">\n\t\t\t<div class=\"elementor-widget-wrap elementor-element-populated\">\n\t\t\t\t\t\t<div class=\"elementor-element elementor-element-317e5a4 elementor-position-top elementor-widget elementor-widget-image-box\" data-id=\"317e5a4\" data-element_type=\"widget\" data-e-type=\"widget\" data-widget_type=\"image-box.default\">\n\t\t\t\t<div class=\"elementor-widget-container\">\n\t\t\t\t\t<div class=\"elementor-image-box-wrapper\"><figure class=\"elementor-image-box-img\"><img loading=\"lazy\" decoding=\"async\" width=\"400\" height=\"500\" src=\"https:\/\/funchal.com\/port\/wp-content\/uploads\/2023\/12\/Leonel-Alves-2-1.webp\" class=\"attachment-full size-full wp-image-1465\" alt=\"\" srcset=\"https:\/\/funchal.com\/port\/wp-content\/uploads\/2023\/12\/Leonel-Alves-2-1.webp 400w, https:\/\/funchal.com\/port\/wp-content\/uploads\/2023\/12\/Leonel-Alves-2-1-240x300.webp 240w\" sizes=\"(max-width: 400px) 100vw, 400px\" \/><\/figure><div class=\"elementor-image-box-content\"><h4 class=\"elementor-image-box-title\">Leonel Farias<\/h4><p class=\"elementor-image-box-description\">Chefe Eletricista\nDesde 1991\n<\/p><\/div><\/div>\t\t\t\t<\/div>\n\t\t\t\t<\/div>\n\t\t\t\t\t<\/div>\n\t\t<\/div>\n\t\t\t\t<div class=\"elementor-column elementor-col-33 elementor-inner-column elementor-element elementor-element-8e720c1\" data-id=\"8e720c1\" data-element_type=\"column\" data-e-type=\"column\">\n\t\t\t<div class=\"elementor-widget-wrap elementor-element-populated\">\n\t\t\t\t\t\t<div class=\"elementor-element elementor-element-3f64690 elementor-position-top elementor-widget elementor-widget-image-box\" data-id=\"3f64690\" data-element_type=\"widget\" data-e-type=\"widget\" data-widget_type=\"image-box.default\">\n\t\t\t\t<div class=\"elementor-widget-container\">\n\t\t\t\t\t<div class=\"elementor-image-box-wrapper\"><figure class=\"elementor-image-box-img\"><img loading=\"lazy\" decoding=\"async\" width=\"400\" height=\"500\" src=\"https:\/\/funchal.com\/port\/wp-content\/uploads\/2023\/12\/Mario-Peixe-1-1.webp\" class=\"attachment-full size-full wp-image-1466\" alt=\"\" srcset=\"https:\/\/funchal.com\/port\/wp-content\/uploads\/2023\/12\/Mario-Peixe-1-1.webp 400w, https:\/\/funchal.com\/port\/wp-content\/uploads\/2023\/12\/Mario-Peixe-1-1-240x300.webp 240w\" sizes=\"(max-width: 400px) 100vw, 400px\" \/><\/figure><div class=\"elementor-image-box-content\"><h4 class=\"elementor-image-box-title\">M\u00e1rio Peixe<\/h4><p class=\"elementor-image-box-description\">1\u00ba Engenheiro\nDesde 1989\n<\/p><\/div><\/div>\t\t\t\t<\/div>\n\t\t\t\t<\/div>\n\t\t\t\t\t<\/div>\n\t\t<\/div>\n\t\t\t\t<div class=\"elementor-column elementor-col-33 elementor-inner-column elementor-element elementor-element-38bccee\" data-id=\"38bccee\" data-element_type=\"column\" data-e-type=\"column\">\n\t\t\t<div class=\"elementor-widget-wrap elementor-element-populated\">\n\t\t\t\t\t\t<div class=\"elementor-element elementor-element-05b63bb elementor-position-top elementor-widget elementor-widget-image-box\" data-id=\"05b63bb\" data-element_type=\"widget\" data-e-type=\"widget\" data-widget_type=\"image-box.default\">\n\t\t\t\t<div class=\"elementor-widget-container\">\n\t\t\t\t\t<div class=\"elementor-image-box-wrapper\"><figure class=\"elementor-image-box-img\"><img loading=\"lazy\" decoding=\"async\" width=\"400\" height=\"500\" src=\"https:\/\/funchal.com\/port\/wp-content\/uploads\/2023\/12\/Tati-Sambo-2-1.webp\" class=\"attachment-full size-full wp-image-1467\" alt=\"\" srcset=\"https:\/\/funchal.com\/port\/wp-content\/uploads\/2023\/12\/Tati-Sambo-2-1.webp 400w, https:\/\/funchal.com\/port\/wp-content\/uploads\/2023\/12\/Tati-Sambo-2-1-240x300.webp 240w\" sizes=\"(max-width: 400px) 100vw, 400px\" \/><\/figure><div class=\"elementor-image-box-content\"><h4 class=\"elementor-image-box-title\">Tati Ribeiro<\/h4><p class=\"elementor-image-box-description\">Marinheiro e Seguran\u00e7a\nDesde 1999\n<\/p><\/div><\/div>\t\t\t\t<\/div>\n\t\t\t\t<\/div>\n\t\t\t\t\t<\/div>\n\t\t<\/div>\n\t\t\t\t\t<\/div>\n\t\t<\/section>\n\t\t\t\t\t<\/div>\n\t\t<\/div>\n\t\t\t\t\t<\/div>\n\t\t<\/section>\n\t\t\t\t<\/div>\n\t\t","protected":false},"excerpt":{"rendered":"<p>Tripula\u00e7\u00e3o Experi\u00eancia e Comprometimento: Conhe\u00e7a a Nossa Dedicada Equipa Funchal Jos\u00e9 Correia Diretor de Opera\u00e7\u00f5es Desde 2000 In\u00e1cio Fernandes Engenheiro Chefe Desde 1980 Jos\u00e9 Bicho Soldador e Serralheiro Desde 1985 Jo\u00e3o Miranda Eletricista Desde 2013 Jo\u00e3o Oliveira Chefe de Limpeza Desde 2013 Alfredo Nunes Contramestre Desde 2003 Alfredo Pereira Mec\u00e2nico Desde 2017 Leonel Farias Chefe [&hellip;]<\/p>\n","protected":false},"author":1,"featured_media":0,"parent":0,"menu_order":0,"comment_status":"closed","ping_status":"closed","template":"","meta":{"site-sidebar-layout":"no-sidebar","site-content-layout":"page-builder","ast-site-content-layout":"","site-content-style":"default","site-sidebar-style":"default","ast-global-header-display":"","ast-banner-title-visibility":"","ast-main-header-display":"","ast-hfb-above-header-display":"","ast-hfb-below-header-display":"","ast-hfb-mobile-header-display":"","site-post-title":"disabled","ast-breadcrumbs-content":"disabled","ast-featured-img":"disabled","footer-sml-layout":"","theme-transparent-header-meta":"enabled","adv-header-id-meta":"","stick-header-meta":"","header-above-stick-meta":"","header-main-stick-meta":"","header-below-stick-meta":"","astra-migrate-meta-layouts":"default","ast-page-background-enabled":"default","ast-page-background-meta":{"desktop":{"background-color":"var(--ast-global-color-4)","background-image":"","background-repeat":"repeat","background-position":"center center","background-size":"auto","background-attachment":"scroll","background-type":"","background-media":"","overlay-type":"","overlay-color":"","overlay-gradient":""},"tablet":{"background-color":"","background-image":"","background-repeat":"repeat","background-position":"center center","background-size":"auto","background-attachment":"scroll","background-type":"","background-media":"","overlay-type":"","overlay-color":"","overlay-gradient":""},"mobile":{"background-color":"","background-image":"","background-repeat":"repeat","background-position":"center center","background-size":"auto","background-attachment":"scroll","background-type":"","background-media":"","overlay-type":"","overlay-color":"","overlay-gradient":""}},"ast-content-background-meta":{"desktop":{"background-color":"var(--ast-global-color-5)","background-image":"","background-repeat":"repeat","background-position":"center center","background-size":"auto","background-attachment":"scroll","background-type":"","background-media":"","overlay-type":"","overlay-color":"","overlay-gradient":""},"tablet":{"background-color":"var(--ast-global-color-5)","background-image":"","background-repeat":"repeat","background-position":"center center","background-size":"auto","background-attachment":"scroll","background-type":"","background-media":"","overlay-type":"","overlay-color":"","overlay-gradient":""},"mobile":{"background-color":"var(--ast-global-color-5)","background-image":"","background-repeat":"repeat","background-position":"center center","background-size":"auto","background-attachment":"scroll","background-type":"","background-media":"","overlay-type":"","overlay-color":"","overlay-gradient":""}},"footnotes":""},"class_list":["post-1437","page","type-page","status-publish","hentry"],"_links":{"self":[{"href":"https:\/\/funchal.com\/port\/wp-json\/wp\/v2\/pages\/1437","targetHints":{"allow":["GET"]}}],"collection":[{"href":"https:\/\/funchal.com\/port\/wp-json\/wp\/v2\/pages"}],"about":[{"href":"https:\/\/funchal.com\/port\/wp-json\/wp\/v2\/types\/page"}],"author":[{"embeddable":true,"href":"https:\/\/funchal.com\/port\/wp-json\/wp\/v2\/users\/1"}],"replies":[{"embeddable":true,"href":"https:\/\/funchal.com\/port\/wp-json\/wp\/v2\/comments?post=1437"}],"version-history":[{"count":52,"href":"https:\/\/funchal.com\/port\/wp-json\/wp\/v2\/pages\/1437\/revisions"}],"predecessor-version":[{"id":1924,"href":"https:\/\/funchal.com\/port\/wp-json\/wp\/v2\/pages\/1437\/revisions\/1924"}],"wp:attachment":[{"href":"https:\/\/funchal.com\/port\/wp-json\/wp\/v2\/media?parent=1437"}],"curies":[{"name":"wp","href":"https:\/\/api.w.org\/{rel}","templated":true}]}}